{"id":3,"date":"2024-08-23T05:56:36","date_gmt":"2024-08-23T05:56:36","guid":{"rendered":"https:\/\/www.alanfolk.com\/staging\/?page_id=3"},"modified":"2024-10-03T06:44:30","modified_gmt":"2024-10-03T06:44:30","slug":"politique-de-confidentialite","status":"publish","type":"page","link":"https:\/\/alanfolk.com\/en\/politique-de-confidentialite\/","title":{"rendered":"Politique de confidentialite"},"content":{"rendered":"<div data-elementor-type=\"wp-page\" data-elementor-id=\"3\" class=\"elementor elementor-3\" data-elementor-post-type=\"page\">\n\t\t\t\t<div class=\"elementor-element elementor-element-0d543b3 e-con-full e-flex e-con e-parent\" data-id=\"0d543b3\" data-element_type=\"container\" data-e-type=\"container\">\n\t\t<div class=\"elementor-element elementor-element-e405cc3 e-con-full e-flex e-con e-child\" data-id=\"e405cc3\" data-element_type=\"container\" data-e-type=\"container\" data-settings=\"{&quot;background_background&quot;:&quot;classic&quot;}\">\n\t\t\t\t<div class=\"elementor-element elementor-element-d042087 elementor-widget elementor-widget-heading\" data-id=\"d042087\" data-element_type=\"widget\" data-e-type=\"widget\" data-widget_type=\"heading.default\">\n\t\t\t\t<div class=\"elementor-widget-container\">\n\t\t\t\t\t<h2 class=\"elementor-heading-title elementor-size-default\">Privacy <br>Policy<\/h2>\t\t\t\t<\/div>\n\t\t\t\t<\/div>\n\t\t\t\t<\/div>\n\t\t\t\t<\/div>\n\t\t<div class=\"elementor-element elementor-element-f9d1a1e e-flex e-con-boxed e-con e-parent\" data-id=\"f9d1a1e\" data-element_type=\"container\" data-e-type=\"container\">\n\t\t\t\t\t<div class=\"e-con-inner\">\n\t\t\t\t<div class=\"elementor-element elementor-element-efb387d elementor-widget elementor-widget-heading\" data-id=\"efb387d\" data-element_type=\"widget\" data-e-type=\"widget\" data-widget_type=\"heading.default\">\n\t\t\t\t<div class=\"elementor-widget-container\">\n\t\t\t\t\t<h2 class=\"elementor-heading-title elementor-size-default\">Last Updated: April 24, 2025<\/h2>\t\t\t\t<\/div>\n\t\t\t\t<\/div>\n\t\t\t\t<div class=\"elementor-element elementor-element-a0c5ce0 elementor-widget elementor-widget-text-editor\" data-id=\"a0c5ce0\" data-element_type=\"widget\" data-e-type=\"widget\" data-widget_type=\"text-editor.default\">\n\t\t\t\t<div class=\"elementor-widget-container\">\n\t\t\t\t\t\t\t\t\t<p>This Privacy Policy explains how Alan Folk (\"we,\" \"our,\" \"us\") collects, uses, processes,\nand protects your personal information in accordance with current laws<\/p>\n<p><\/p>\n<h4>Collection of Your Personal Information<\/h4>\n<p>We collect personal information when you visit our website, make purchases, interact\nwith our products and services, or communicate with us. The personal information we\ncollect may include, but is not limited to:<\/p>\n<p>\u2013 Identification information (name, surname, address, phone number).<br>\u2013 Email address.<br>\u2013 Payment information (credit card number, billing information).<br>\u2013 Order information.<br>\u2013 Browsing data (IP address, browser information).<br>\u2013 Location data (if you allow us to do so).<br>\u2013 Communication data (correspondence, feedback, comments).<\/p>\n<p><\/p><h4>Use of Your Personal Information<\/h4>\n<p>We use your personal information for the following purposes:<\/p>\n<p>\u2013 To provide and personalize our products and services.<br>\u2013 To process your orders and payments.<br>\u2013 To inform you about updates, promotions, and news.<br>\u2013 To improve our website and services.<br>\u2013 To respond to your requests and inquiries.<br>\u2013 To comply with our legal obligations.<\/p>\n<p><\/p><h4>Sharing Your Personal Information<\/h4>\n<p>We only share your personal information with third parties in the following\ncircumstances:<\/p>\n<p>\u2013 Third-party service providers: We may share your information with third-party service\nproviders (such as payment processors) to facilitate our business operations.<\/p>\n<p>\u2013 Legal obligations: We may disclose your information when required to comply with\nlaws, regulations, or government requests.<\/p>\n<p><\/p><h4>Security of Your Personal Information<\/h4>\n<p>We implement appropriate technical, administrative, and physical security measures\nto protect your personal information from unauthorized access, disclosure, alteration,\nor destruction.<\/p>\n<p><\/p><h4>Your Privacy Rights<\/h4>\n<p>You have certain rights regarding your personal information, including the right to\naccess, correct, delete, object to its processing, and withdraw your consent where\napplicable. To exercise these rights or ask questions about your data, please contact us\nat hello@alanfolk.com.<\/p>\n<p><\/p><h4>Changes to This Policy<\/h4>\n<p>We may update this Privacy Policy from time to time to reflect changes in our data\ncollection and processing practices. Updates will be posted on our website with the\ndate of the last revision. By continuing to use our services after the changes take\neffect, you agree to this revised Privacy Policy.<\/p>\n<p>For any questions or concerns regarding this Privacy Policy, please contact us at\nhello@alanfolk.com.<\/p>\n<p><\/p><h5>Contact Person<\/h5>\n<p>Alan Folk<br>Owner<br>(514) 573-8603<br>hello@alanfolk.com<br>Montreal, QC<\/p>\t\t\t\t\t\t\t\t<\/div>\n\t\t\t\t<\/div>\n\t\t\t\t\t<\/div>\n\t\t\t\t<\/div>\n\t\t\t\t<\/div>","protected":false},"excerpt":{"rendered":"<p>Politique de confidentialit\u00e9 Derni\u00e8re mise \u00e0 jour : 18 avril 2024 La pr\u00e9sente Politique de Confidentialit\u00e9 explique comment Alan Folk (\u00ab nous \u00bb, \u00ab notre \u00bb, \u00ab nos \u00bb) collecte, utilise, traite et prot\u00e8ge vos informations personnelles conform\u00e9ment aux lois actuelles. 1. Collecte de vos informations personnelles Nous collectons des informations personnelles lorsque vous visitez [&hellip;]<\/p>\n","protected":false},"author":2,"featured_media":0,"parent":0,"menu_order":0,"comment_status":"closed","ping_status":"open","template":"elementor_header_footer","meta":{"footnotes":""},"class_list":["post-3","page","type-page","status-publish","hentry"],"_links":{"self":[{"href":"https:\/\/alanfolk.com\/en\/wp-json\/wp\/v2\/pages\/3","targetHints":{"allow":["GET"]}}],"collection":[{"href":"https:\/\/alanfolk.com\/en\/wp-json\/wp\/v2\/pages"}],"about":[{"href":"https:\/\/alanfolk.com\/en\/wp-json\/wp\/v2\/types\/page"}],"author":[{"embeddable":true,"href":"https:\/\/alanfolk.com\/en\/wp-json\/wp\/v2\/users\/2"}],"replies":[{"embeddable":true,"href":"https:\/\/alanfolk.com\/en\/wp-json\/wp\/v2\/comments?post=3"}],"version-history":[{"count":10,"href":"https:\/\/alanfolk.com\/en\/wp-json\/wp\/v2\/pages\/3\/revisions"}],"predecessor-version":[{"id":921,"href":"https:\/\/alanfolk.com\/en\/wp-json\/wp\/v2\/pages\/3\/revisions\/921"}],"wp:attachment":[{"href":"https:\/\/alanfolk.com\/en\/wp-json\/wp\/v2\/media?parent=3"}],"curies":[{"name":"wp","href":"https:\/\/api.w.org\/{rel}","templated":true}]}}